{"id":9,"date":"2014-04-14T08:03:22","date_gmt":"2014-04-14T08:03:22","guid":{"rendered":"http:\/\/bitpublimedia.ro\/themeforest\/sapphire-wp\/?page_id=9"},"modified":"2024-09-30T11:39:10","modified_gmt":"2024-09-30T16:39:10","slug":"centinela-appliance","status":"publish","type":"page","link":"https:\/\/www.clusteritc.co\/?page_id=9","title":{"rendered":"Centinela"},"content":{"rendered":"<p>[vc_row full_width=\u00bbstretch_row\u00bb content_placement=\u00bbtop\u00bb css=\u00bb.vc_custom_1474664066679{padding-top: 10px !important;background-image: url(https:\/\/www.clusteritc.co\/wp-content\/uploads\/2014\/05\/night-view-971089_19202.jpg?id=877) !important;background-position: center !important;background-repeat: no-repeat !important;background-size: cover !important;}\u00bb fullwidth=\u00bb1&#8243; ewf_row_title=\u00bbFull width\u00bb nospacing=\u00bb1&#8243;][vc_column][vc_row_inner][vc_column_inner width=\u00bb2\/3&#8243;]\r\n\t\t\t\t\t<div class=\"icon-box-1\">\r\n\t\t\t\t\t\t<i class=\"ifc-visible\"><\/i>\r\n\t\t\t\t\t\t<div class=\"icon-box-content\">\r\n\t\t\t\t\t\t\t<h3>\r\n\t\t\t\t\t\t\t\t\r\n\t\t\t\t\t\t\t<\/h3>\r\n\t\t\t\t\t\t\t\r\n\t\t\t\t\t\t\t<\/p>\n<div style=\"color: #fff;\">\n<p><strong>CENTINELA APPLIANCE<\/strong><\/p>\n<p>Centinela Appliance, es un conjunto de herramientas de automatizaci\u00f3n dirigidas a apoyar las actividades de los responsables de la prevenci\u00f3n del lavado de activos y financiaci\u00f3n del terrorismo LA FT en las compa\u00f1\u00edas reguladas del sector financiero y real.<\/p>\n<\/div>\n<p>\r\n\t\t\t\t\t\t<\/div><!-- end .icon-box-content -->\r\n\t\t\t\t\t<\/div><!-- end .icon-box-1 -->[\/vc_column_inner][vc_column_inner width=\u00bb1\/3&#8243;]<br \/>\n[\/vc_column_inner][\/vc_row_inner][\/vc_column][\/vc_row][vc_row][vc_column]<h3 class=\"headline\"><span>Funcionalidades destacadas Centinela Appliance<\/span><\/h3>[\/vc_column][\/vc_row][vc_row][vc_column width=\u00bb1\/3&#8243;]\r\n\t\t\t\t\t<div class=\"icon-box-1\">\r\n\t\t\t\t\t\t<i class=\"ifc-layers\"><\/i>\r\n\t\t\t\t\t\t<div class=\"icon-box-content\">\r\n\t\t\t\t\t\t\t<h3>\r\n\t\t\t\t\t\t\t\tActualizaci\u00f3n de listas\r\n\t\t\t\t\t\t\t<\/h3>\r\n\t\t\t\t\t\t\t\r\n\t\t\t\t\t\t\t<\/p>\n<p>Actualizaci\u00f3n autom\u00e1tica y programada\u00a0 de listas de reportados, fuentes: Internet, propias, por suscripci\u00f3n y otros proveedores.\u00a0Permite programaci\u00f3n varias veces al d\u00eda para fuentes directas como OFAC, ONU, UE, etc., conexi\u00f3n a sitios SFTP, conexi\u00f3n a paginas de descarga y servicios web.<\/p>\n<p>\r\n\t\t\t\t\t\t<\/div><!-- end .icon-box-content -->\r\n\t\t\t\t\t<\/div><!-- end .icon-box-1 -->[\/vc_column][vc_column width=\u00bb1\/3&#8243;]\r\n\t\t\t\t\t<div class=\"icon-box-1\">\r\n\t\t\t\t\t\t<i class=\"ifc-recycle_sign\"><\/i>\r\n\t\t\t\t\t\t<div class=\"icon-box-content\">\r\n\t\t\t\t\t\t\t<h3>\r\n\t\t\t\t\t\t\t\tIntegraci\u00f3n con plataformas\r\n\t\t\t\t\t\t\t<\/h3>\r\n\t\t\t\t\t\t\t\r\n\t\t\t\t\t\t\t<\/p>\n<p>Centinela se integra con casi la totalidad de motores de bases de datos del mercado: AS400, Oracle, SQL, Mysql, Cassandra, Postgresql y otros. Mediante conexi\u00f3n directa o servicios web. Para procesos de cruce de terceros, actualizaci\u00f3n de reportados y extracci\u00f3n de informaci\u00f3n para monitoreo de transacciones.<\/p>\n<p>\r\n\t\t\t\t\t\t<\/div><!-- end .icon-box-content -->\r\n\t\t\t\t\t<\/div><!-- end .icon-box-1 -->[\/vc_column][vc_column width=\u00bb1\/3&#8243;]\r\n\t\t\t\t\t<div class=\"icon-box-1\">\r\n\t\t\t\t\t\t<i class=\"ifc-mac_client\"><\/i>\r\n\t\t\t\t\t\t<div class=\"icon-box-content\">\r\n\t\t\t\t\t\t\t<h3>\r\n\t\t\t\t\t\t\t\tMovilidad y compatibilidad\r\n\t\t\t\t\t\t\t<\/h3>\r\n\t\t\t\t\t\t\t\r\n\t\t\t\t\t\t\t<\/p>\n<p>Centinela Appliance cuenta con servicios web transaccionales para integraci\u00f3n con\u00a0sistemas de verificaci\u00f3n individuales, con modelos de indicadores para la toma de decisi\u00f3n en sistemas de informaci\u00f3n para aprobaci\u00f3n de clientes. Aplicaciones m\u00f3viles en Android e IOS para consulta en l\u00ednea.<\/p>\n<p>\r\n\t\t\t\t\t\t<\/div><!-- end .icon-box-content -->\r\n\t\t\t\t\t<\/div><!-- end .icon-box-1 -->[\/vc_column][\/vc_row][vc_row][vc_column]<h3 class=\"headline\"><span>Servicios Centinela Appliance<\/span><\/h3>[\/vc_column][\/vc_row][vc_row][vc_column width=\u00bb1\/3&#8243;]\r\n\t\t\t\t\t<div class=\"icon-box-1\">\r\n\t\t\t\t\t\t<i class=\"ifc-nas\"><\/i>\r\n\t\t\t\t\t\t<div class=\"icon-box-content\">\r\n\t\t\t\t\t\t\t<h3>\r\n\t\t\t\t\t\t\t\tTodo en uno\r\n\t\t\t\t\t\t\t<\/h3>\r\n\t\t\t\t\t\t\t\r\n\t\t\t\t\t\t\t<\/p>\n<p>Appliance, servicios integrados en un mismo paquete. El concepto nace de la necesidad de brindar una soluci\u00f3n integral a una serie de problemas puntuales, minimizando costos de licenciamiento, hardware y servicios.<\/p>\n<p>\r\n\t\t\t\t\t\t<\/div><!-- end .icon-box-content -->\r\n\t\t\t\t\t<\/div><!-- end .icon-box-1 -->[\/vc_column][vc_column width=\u00bb1\/3&#8243;]\r\n\t\t\t\t\t<div class=\"icon-box-1\">\r\n\t\t\t\t\t\t<i class=\"ifc-download2\"><\/i>\r\n\t\t\t\t\t\t<div class=\"icon-box-content\">\r\n\t\t\t\t\t\t\t<h3>\r\n\t\t\t\t\t\t\t\t<a href=\"https:\/\/www.clusteritc.co\/?page_id=1155\">Centinela en la nube<\/a>\r\n\t\t\t\t\t\t\t<\/h3>\r\n\t\t\t\t\t\t\t\r\n\t\t\t\t\t\t\t<\/p>\n<p>Soluci\u00f3n de Centinela en servidores dedicados robustos y de alto desempe\u00f1o en centros de computo Tier 4, con conexi\u00f3n a Internet de 1 GB , firewall Fortinet y SSL. Incluye sistema operativo, y Motores SQL Express u\u00a0ORACLE Express.<\/p>\n<p><p class=\"last text-right\"><a class=\"btn\" href=\"https:\/\/www.clusteritc.co\/?page_id=1155\">Conocer m\u00e1s<\/a><\/p>\r\n\t\t\t\t\t\t<\/div><!-- end .icon-box-content -->\r\n\t\t\t\t\t<\/div><!-- end .icon-box-1 -->[\/vc_column][vc_column width=\u00bb1\/3&#8243;]\r\n\t\t\t\t\t<div class=\"icon-box-1\">\r\n\t\t\t\t\t\t<i class=\"ifc-electronics\"><\/i>\r\n\t\t\t\t\t\t<div class=\"icon-box-content\">\r\n\t\t\t\t\t\t\t<h3>\r\n\t\t\t\t\t\t\t\t<a href=\"https:\/\/www.clusteritc.co\/?page_id=1075\">Servidor Centinela Appliance<\/a>\r\n\t\t\t\t\t\t\t<\/h3>\r\n\t\t\t\t\t\t\t\r\n\t\t\t\t\t\t\t<\/p>\n<p>Una infraestructura en modalidad de servicio que incluye: servidor, sistema operativo, motores de base de datos , centinela y un completo servicio de soporte. Este servicio es instalado y configurado en el cliente para ser integrado a su plataforma.<\/p>\n<p><p class=\"last text-right\"><a class=\"btn\" href=\"https:\/\/www.clusteritc.co\/?page_id=1075\">Conocer m\u00e1s<\/a><\/p>\r\n\t\t\t\t\t\t<\/div><!-- end .icon-box-content -->\r\n\t\t\t\t\t<\/div><!-- end .icon-box-1 -->[\/vc_column][\/vc_row][vc_column width=\u00bb1\/3&#8243;][vc_column_text]<br \/>\n[\/vc_column_text][\/vc_column]<\/p>\n","protected":false},"excerpt":{"rendered":"<p>[vc_row full_width=\u00bbstretch_row\u00bb content_placement=\u00bbtop\u00bb css=\u00bb.vc_custom_1474664066679{padding-top: 10px !important;background-image: url(https:\/\/www.clusteritc.co\/wp-content\/uploads\/2014\/05\/night-view-971089_19202.jpg?id=877) !important;background-position: center !important;background-repeat: no-repeat !important;background-size: cover !important;}\u00bb fullwidth=\u00bb1&#8243; ewf_row_title=\u00bbFull width\u00bb nospacing=\u00bb1&#8243;][vc_column][vc_row_inner][vc_column_inner width=\u00bb2\/3&#8243;][\/vc_column_inner][vc_column_inner width=\u00bb1\/3&#8243;] [\/vc_column_inner][\/vc_row_inner][\/vc_column][\/vc_row][vc_row][vc_column][\/vc_column][\/vc_row][vc_row][vc_column width=\u00bb1\/3&#8243;][\/vc_column][vc_column width=\u00bb1\/3&#8243;][\/vc_column][vc_column width=\u00bb1\/3&#8243;][\/vc_column][\/vc_row][vc_row][vc_column][\/vc_column][\/vc_row][vc_row][vc_column width=\u00bb1\/3&#8243;][\/vc_column][vc_column width=\u00bb1\/3&#8243;][\/vc_column][vc_column width=\u00bb1\/3&#8243;][\/vc_column][\/vc_row][vc_column width=\u00bb1\/3&#8243;][vc_column_text] [\/vc_column_text][\/vc_column]<\/p>\n","protected":false},"author":1,"featured_media":0,"parent":0,"menu_order":0,"comment_status":"open","ping_status":"open","template":"","meta":[],"_links":{"self":[{"href":"https:\/\/www.clusteritc.co\/index.php?rest_route=\/wp\/v2\/pages\/9"}],"collection":[{"href":"https:\/\/www.clusteritc.co\/index.php?rest_route=\/wp\/v2\/pages"}],"about":[{"href":"https:\/\/www.clusteritc.co\/index.php?rest_route=\/wp\/v2\/types\/page"}],"author":[{"embeddable":true,"href":"https:\/\/www.clusteritc.co\/index.php?rest_route=\/wp\/v2\/users\/1"}],"replies":[{"embeddable":true,"href":"https:\/\/www.clusteritc.co\/index.php?rest_route=%2Fwp%2Fv2%2Fcomments&post=9"}],"version-history":[{"count":86,"href":"https:\/\/www.clusteritc.co\/index.php?rest_route=\/wp\/v2\/pages\/9\/revisions"}],"predecessor-version":[{"id":1313,"href":"https:\/\/www.clusteritc.co\/index.php?rest_route=\/wp\/v2\/pages\/9\/revisions\/1313"}],"wp:attachment":[{"href":"https:\/\/www.clusteritc.co\/index.php?rest_route=%2Fwp%2Fv2%2Fmedia&parent=9"}],"curies":[{"name":"wp","href":"https:\/\/api.w.org\/{rel}","templated":true}]}}