{"id":1155,"date":"2016-03-04T11:37:35","date_gmt":"2016-03-04T16:37:35","guid":{"rendered":"https:\/\/www.clusteritc.co\/?page_id=1155"},"modified":"2022-08-01T10:16:34","modified_gmt":"2022-08-01T15:16:34","slug":"centinela-appliance-cloud","status":"publish","type":"page","link":"https:\/\/www.clusteritc.co\/?page_id=1155","title":{"rendered":"Centinela Appliance Cloud"},"content":{"rendered":"<p>[vc_row full_width=\u00bbstretch_row\u00bb css=\u00bb.vc_custom_1474664632396{padding-top: 10px !important;background-image: url(https:\/\/www.clusteritc.co\/wp-content\/uploads\/2014\/05\/Servidores3.jpg?id=1171) !important;background-position: center !important;background-repeat: no-repeat !important;background-size: cover !important;}\u00bb fullwidth=\u00bb1&#8243; ewf_row_title=\u00bbFull width\u00bb nospacing=\u00bb1&#8243;][vc_column][vc_row_inner][vc_column_inner width=\u00bb1\/2&#8243;]\r\n\t\t\t\t\t<div class=\"icon-box-1\">\r\n\t\t\t\t\t\t<i class=\"ifc-shared\"><\/i>\r\n\t\t\t\t\t\t<div class=\"icon-box-content\">\r\n\t\t\t\t\t\t\t<h3>\r\n\t\t\t\t\t\t\t\t\r\n\t\t\t\t\t\t\t<\/h3>\r\n\t\t\t\t\t\t\t\r\n\t\t\t\t\t\t\t<\/p>\n<div style=\"color: #fff;\"><strong>CENTINELA APPLIANCE CLOUD<\/strong><br \/>\nServidores dedicados o virtuales\u00a0creados a la medida de las necesidades de los clientes, soportados en infraestructura de centro de computo Tier 4, Amazon Web Services, y otros proveedores, permitiendo un ahorro considerable en los tiempos de implantaci\u00f3n y los costos ocultos de propiedad. Todo bajo la modalidad de arrendamiento.<\/div>\n<p>\r\n\t\t\t\t\t\t<\/div><!-- end .icon-box-content -->\r\n\t\t\t\t\t<\/div><!-- end .icon-box-1 -->[\/vc_column_inner][vc_column_inner width=\u00bb1\/2&#8243;]<br \/>\n[\/vc_column_inner][\/vc_row_inner][\/vc_column][\/vc_row][vc_row][vc_column]<h3 class=\"headline\"><span>Appliance soluci\u00f3n todo en uno<\/span><\/h3>[\/vc_column][\/vc_row][vc_row][vc_column]\r\n\t\t\t\t\t<div class=\"icon-box-1\">\r\n\t\t\t\t\t\t<i class=\"ifc-surface\"><\/i>\r\n\t\t\t\t\t\t<div class=\"icon-box-content\">\r\n\t\t\t\t\t\t\t<h3>\r\n\t\t\t\t\t\t\t\tCaracteristicas\r\n\t\t\t\t\t\t\t<\/h3>\r\n\t\t\t\t\t\t\t\r\n\t\t\t\t\t\t\t<\/p>\n<p>Servidores de ultima generaci\u00f3n dimensionados de acuerdo a las necesidades de procesamiento y almacenamiento del cliente, cuentan con Centinela Appliance instalado y listo para configurar, dirigido a clientes que no cuentan con infraestructura de centro de computo de alta disponibilidad, o que simplemente requieren un servicio en linea concurrente para alto numero de consultas, o que utiliza dispositivos m\u00f3viles para fuerza comercial.<\/p>\n<p>\r\n\t\t\t\t\t\t<\/div><!-- end .icon-box-content -->\r\n\t\t\t\t\t<\/div><!-- end .icon-box-1 -->[vc_row_inner][vc_column_inner css=\u00bb.vc_custom_1457058718237{padding-left: 100px !important;}\u00bb][vc_column_text]<\/p>\n<p>Las bases de datos incluidas son SQL Express u Oracle Express, si el cliente requiere de un motor licenciado el costo ser\u00e1 incluido en la mensualidad.<\/p>\n<p>[\/vc_column_text][\/vc_column_inner][\/vc_row_inner][\/vc_column][\/vc_row][vc_row css=\u00bb.vc_custom_1457100351031{padding-left: 100px !important;}\u00bb ewf_row_title=\u00bbFull width\u00bb][vc_column][vc_column_text]<\/p>\n<p><strong>CENTINELA BASE<\/strong><\/p>\n<p>[\/vc_column_text]<ul class=\"icon-box-6\"><li><i class=\"fa ifc-password\"><\/i><div class=\"icon-box-content\"><h3><a href=\"#\">Seguridad<\/a><\/h3><\/p>\n<p>Definici\u00f3n de roles, perfiles y usuarios.<\/p>\n<p><\/div><!-- end .process-builder-1-content --><\/li><li><i class=\"fa ifc-shared\"><\/i><div class=\"icon-box-content\"><h3><a href=\"#\">Actualizaci\u00f3n<\/a><\/h3>Actualizaci\u00f3n de listas de suscripci\u00f3n, listas de Internet, listas de otros proveedores, listas propias, etc.<\/p>\n<p><\/div><!-- end .process-builder-1-content --><\/li><li><i class=\"fa ifc-circuit\"><\/i><div class=\"icon-box-content\"><h3><a href=\"#\">Cruce de listas<\/a><\/h3>Cruce programado y autom\u00e1tico de listas contra los sistemas de informaci\u00f3n para m\u00faltiples plataformas del core del cliente:, AS400, ORACLE, SQL, Mysql y otros.<\/p>\n<p><\/div><!-- end .process-builder-1-content --><\/li><li><i class=\"fa ifc-switch_camera\"><\/i><div class=\"icon-box-content\"><h3><a href=\"#\">Control previo<\/a><\/h3>Actualizaci\u00f3n de listas de reportados restrictivas en sistemas core del cliente, de forma directa o mediante servicios web de integraci\u00f3n.<br \/>\n<\/div><!-- end .process-builder-1-content --><\/li><li><i class=\"fa ifc-settings2\"><\/i><div class=\"icon-box-content\"><h3><a href=\"#\">Herramientas<\/a><\/h3>Herramientas de validaci\u00f3n masiva de archivos de Excel 100% WEB, cargues de informaci\u00f3n, generador de informes, otros.<\/p>\n<p><\/div><!-- end .process-builder-1-content --><\/li><li><i class=\"fa ifc-read_message\"><\/i><div class=\"icon-box-content\"><h3><a href=\"#\">Gesti\u00f3n<\/a><\/h3><\/p>\n<p>Notificaci\u00f3n v\u00eda correo electr\u00f3nico de todas las actividades y procesos, visor de eventos detallado, log de auditoria, modulo de gesti\u00f3n de resultados de cruce entre otros.<\/p>\n<p><\/div><!-- end .process-builder-1-content --><\/li><\/ul>[vc_column_text]<\/p>\n<p>Los servicios de integraci\u00f3n con la plataforma del cliente, pueden requerir componentes instalados locamente para conectarse con la nube.<\/p>\n<p>[\/vc_column_text][\/vc_column][\/vc_row][vc_row][vc_column][vc_column_text]<\/p>\n<p>[\/vc_column_text][\/vc_column][\/vc_row][vc_column width=\u00bb1\/3&#8243;][vc_column_text]<br \/>\n[\/vc_column_text][\/vc_column]<\/p>\n","protected":false},"excerpt":{"rendered":"<p>[vc_row full_width=\u00bbstretch_row\u00bb css=\u00bb.vc_custom_1474664632396{padding-top: 10px !important;background-image: url(https:\/\/www.clusteritc.co\/wp-content\/uploads\/2014\/05\/Servidores3.jpg?id=1171) !important;background-position: center !important;background-repeat: no-repeat !important;background-size: cover !important;}\u00bb fullwidth=\u00bb1&#8243; ewf_row_title=\u00bbFull width\u00bb nospacing=\u00bb1&#8243;][vc_column][vc_row_inner][vc_column_inner width=\u00bb1\/2&#8243;][\/vc_column_inner][vc_column_inner width=\u00bb1\/2&#8243;] [\/vc_column_inner][\/vc_row_inner][\/vc_column][\/vc_row][vc_row][vc_column][\/vc_column][\/vc_row][vc_row][vc_column][vc_row_inner][vc_column_inner css=\u00bb.vc_custom_1457058718237{padding-left: 100px !important;}\u00bb][vc_column_text] Las bases de datos incluidas son SQL Express u Oracle Express, si el cliente requiere de un motor licenciado el costo ser\u00e1 incluido en la mensualidad. [\/vc_column_text][\/vc_column_inner][\/vc_row_inner][\/vc_column][\/vc_row][vc_row css=\u00bb.vc_custom_1457100351031{padding-left: 100px !important;}\u00bb ewf_row_title=\u00bbFull width\u00bb][vc_column][vc_column_text] [&hellip;]<\/p>\n","protected":false},"author":1,"featured_media":0,"parent":0,"menu_order":0,"comment_status":"closed","ping_status":"closed","template":"","meta":[],"_links":{"self":[{"href":"https:\/\/www.clusteritc.co\/index.php?rest_route=\/wp\/v2\/pages\/1155"}],"collection":[{"href":"https:\/\/www.clusteritc.co\/index.php?rest_route=\/wp\/v2\/pages"}],"about":[{"href":"https:\/\/www.clusteritc.co\/index.php?rest_route=\/wp\/v2\/types\/page"}],"author":[{"embeddable":true,"href":"https:\/\/www.clusteritc.co\/index.php?rest_route=\/wp\/v2\/users\/1"}],"replies":[{"embeddable":true,"href":"https:\/\/www.clusteritc.co\/index.php?rest_route=%2Fwp%2Fv2%2Fcomments&post=1155"}],"version-history":[{"count":17,"href":"https:\/\/www.clusteritc.co\/index.php?rest_route=\/wp\/v2\/pages\/1155\/revisions"}],"predecessor-version":[{"id":1424,"href":"https:\/\/www.clusteritc.co\/index.php?rest_route=\/wp\/v2\/pages\/1155\/revisions\/1424"}],"wp:attachment":[{"href":"https:\/\/www.clusteritc.co\/index.php?rest_route=%2Fwp%2Fv2%2Fmedia&parent=1155"}],"curies":[{"name":"wp","href":"https:\/\/api.w.org\/{rel}","templated":true}]}}