{"id":1075,"date":"2016-03-03T18:31:29","date_gmt":"2016-03-03T23:31:29","guid":{"rendered":"https:\/\/www.clusteritc.co\/?page_id=1075"},"modified":"2022-08-01T10:17:15","modified_gmt":"2022-08-01T15:17:15","slug":"servidor-centinela-appliance","status":"publish","type":"page","link":"https:\/\/www.clusteritc.co\/?page_id=1075","title":{"rendered":"Servidor Centinela Appliance"},"content":{"rendered":"<p>[vc_row full_width=\u00bbstretch_row\u00bb css=\u00bb.vc_custom_1474664887247{padding-top: 10px !important;background-image: url(https:\/\/www.clusteritc.co\/wp-content\/uploads\/2016\/03\/Servidores.jpg?id=1091) !important;background-position: center !important;background-repeat: no-repeat !important;background-size: cover !important;}\u00bb fullwidth=\u00bb1&#8243; ewf_row_title=\u00bbFull width\u00bb nospacing=\u00bb1&#8243;][vc_column][vc_row_inner][vc_column_inner width=\u00bb1\/2&#8243;]\r\n\t\t\t\t\t<div class=\"icon-box-1\">\r\n\t\t\t\t\t\t<i class=\"ifc-stack\"><\/i>\r\n\t\t\t\t\t\t<div class=\"icon-box-content\">\r\n\t\t\t\t\t\t\t<h3>\r\n\t\t\t\t\t\t\t\t\r\n\t\t\t\t\t\t\t<\/h3>\r\n\t\t\t\t\t\t\t\r\n\t\t\t\t\t\t\t<\/p>\n<div style=\"color: #fff;\">\n<p><strong>SERVIDOR CENTINELA APPLIANCE<\/strong><\/p>\n<p>Servidores propios creados a la medida de las necesidades de los clientes, una sofisticada soluci\u00f3n que le permite un ahorro considerable en los tiempos de implantaci\u00f3n y los costos ocultos de propiedad, al no tener que adquirir hardware o licenciamiento adicional de sistema operativo o base de datos*. Todo bajo la modalidad de arrendamiento.<\/p>\n<\/div>\n<p>\r\n\t\t\t\t\t\t<\/div><!-- end .icon-box-content -->\r\n\t\t\t\t\t<\/div><!-- end .icon-box-1 -->[\/vc_column_inner][vc_column_inner width=\u00bb1\/2&#8243;]<br \/>\n[\/vc_column_inner][\/vc_row_inner][\/vc_column][\/vc_row][vc_row][vc_column]<h3 class=\"headline\"><span>Appliance soluci\u00f3n todo en uno<\/span><\/h3>[\/vc_column][\/vc_row][vc_row][vc_column]\r\n\t\t\t\t\t<div class=\"icon-box-1\">\r\n\t\t\t\t\t\t<i class=\"ifc-surface\"><\/i>\r\n\t\t\t\t\t\t<div class=\"icon-box-content\">\r\n\t\t\t\t\t\t\t<h3>\r\n\t\t\t\t\t\t\t\tCaracteristicas\r\n\t\t\t\t\t\t\t<\/h3>\r\n\t\t\t\t\t\t\t\r\n\t\t\t\t\t\t\t<\/p>\n<p>Servidores de ultima generaci\u00f3n dimensionados de acuerdo a las necesidades de procesamiento y almacenamiento del cliente, cuentan con Centinela Appliance instalado y listo para configurar en dos modalidades.<\/p>\n<p>\r\n\t\t\t\t\t\t<\/div><!-- end .icon-box-content -->\r\n\t\t\t\t\t<\/div><!-- end .icon-box-1 -->[vc_row_inner][vc_column_inner width=\u00bb1\/2&#8243; css=\u00bb.vc_custom_1457058718237{padding-left: 100px !important;}\u00bb][vc_column_text]* Las bases de datos incluidas son SQL Express u Oracle Express, si el cliente requiere de un motor licenciado el costo ser\u00e1 incluido en la mensualidad, el cliente puede incluir su licenciamiento de motor de base de datos.<\/p>\n<p>Los servidores base cuentan con\u00a0una fuente de poder y dos discos SSD en Raid 0 \u00f3 1, los equipos se\u00a0pueden modificar a petici\u00f3n del cliente, el costo de los adicionales ser\u00e1 incluido en la mensualidad.[\/vc_column_text][\/vc_column_inner][vc_column_inner width=\u00bb1\/2&#8243;][vc_images_carousel images=\u00bb1108,1109&#8243; img_size=\u00bb300&#215;118&#8243; onclick=\u00bblink_no\u00bb autoplay=\u00bbyes\u00bb hide_pagination_control=\u00bbyes\u00bb wrap=\u00bbyes\u00bb title=\u00bbServidores en Rack\u00bb][vc_column_text]<\/p>\n<p>Los servidores pueden cambiar de presentaci\u00f3n y color de acuerdo a la disponibilidad.<\/p>\n<p>[\/vc_column_text][\/vc_column_inner][\/vc_row_inner]\r\n\t\t\t\t\t<div class=\"icon-box-1\">\r\n\t\t\t\t\t\t<i class=\"ifc-broadcasting\"><\/i>\r\n\t\t\t\t\t\t<div class=\"icon-box-content\">\r\n\t\t\t\t\t\t\t<h3>\r\n\t\t\t\t\t\t\t\tModalidades\r\n\t\t\t\t\t\t\t<\/h3>\r\n\t\t\t\t\t\t\t\r\n\t\t\t\t\t\t\t<\/p>\n<p>Centinela cuenta con dos modalidades, que se detallan a continuaci\u00f3n.<\/p>\n<p>\r\n\t\t\t\t\t\t<\/div><!-- end .icon-box-content -->\r\n\t\t\t\t\t<\/div><!-- end .icon-box-1 -->[\/vc_column][\/vc_row][vc_row css=\u00bb.vc_custom_1457100351031{padding-left: 100px !important;}\u00bb ewf_row_title=\u00bbFull width\u00bb][vc_column width=\u00bb1\/2&#8243;][vc_column_text]<\/p>\n<p><strong>CENTINELA BASE<\/strong><\/p>\n<p>[\/vc_column_text]<ul class=\"icon-box-6\"><li><i class=\"fa ifc-password\"><\/i><div class=\"icon-box-content\"><h3><a href=\"#\">Seguridad<\/a><\/h3><\/p>\n<p>Definici\u00f3n de roles, perfiles y usuarios.<\/p>\n<p><\/div><!-- end .process-builder-1-content --><\/li><li><i class=\"fa ifc-shared\"><\/i><div class=\"icon-box-content\"><h3><a href=\"#\">Actualizaci\u00f3n<\/a><\/h3>Actualizaci\u00f3n de listas de suscripci\u00f3n, listas de Internet, listas de otros proveedores, listas propias, etc.<\/p>\n<p><\/div><!-- end .process-builder-1-content --><\/li><li><i class=\"fa ifc-circuit\"><\/i><div class=\"icon-box-content\"><h3><a href=\"#\">Cruce de listas<\/a><\/h3>Cruce programado y autom\u00e1tico de listas contra los sistemas de informaci\u00f3n para m\u00faltiples plataformas del core del cliente:, AS400, ORACLE, SQL, Mysql y otros.<\/p>\n<p><\/div><!-- end .process-builder-1-content --><\/li><li><i class=\"fa ifc-switch_camera\"><\/i><div class=\"icon-box-content\"><h3><a href=\"#\">Control previo<\/a><\/h3>Actualizaci\u00f3n de listas de reportados restrictivas en sistemas core del cliente, de forma directa o mediante servicios web de integraci\u00f3n.<br \/>\n<\/div><!-- end .process-builder-1-content --><\/li><li><i class=\"fa ifc-settings2\"><\/i><div class=\"icon-box-content\"><h3><a href=\"#\">Herramientas<\/a><\/h3>Herramientas de validaci\u00f3n masiva de archivos de Excel 100% WEB, cargues de informaci\u00f3n, generador de informes, otros.<\/p>\n<p><\/div><!-- end .process-builder-1-content --><\/li><li><i class=\"fa ifc-read_message\"><\/i><div class=\"icon-box-content\"><h3><a href=\"#\">Gesti\u00f3n<\/a><\/h3><\/p>\n<p>Notificaci\u00f3n v\u00eda correo electr\u00f3nico de todas las actividades y procesos, visor de eventos detallado, log de auditoria, modulo de gesti\u00f3n de resultados de cruce entre otros.<\/p>\n<p><\/div><!-- end .process-builder-1-content --><\/li><\/ul>[\/vc_column][vc_column width=\u00bb1\/2&#8243;][vc_column_text]<\/p>\n<p><strong>CENTINELA SARLAFT<\/strong><\/p>\n<p>[\/vc_column_text]<ul class=\"icon-box-6\"><li><i class=\"fa ifc-visible\"><\/i><div class=\"icon-box-content\"><h3><a href=\"#\">Centinela Base<\/a><\/h3><br \/>\nFuncionalidades Base, manejo de listas y procesos relacionados.<\/p>\n<p><\/div><!-- end .process-builder-1-content --><\/li><li><i class=\"fa ifc-swiss_army_knife\"><\/i><div class=\"icon-box-content\"><h3><a href=\"#\">Extracci\u00f3n de datos<\/a><\/h3>Herramientas para extracci\u00f3n de datos del core del cliente en m\u00faltiples plataformas, validaciones de calidad de datos y gesti\u00f3n.<\/p>\n<p><\/div><!-- end .process-builder-1-content --><\/li><li><i class=\"fa ifc-satellites\"><\/i><div class=\"icon-box-content\"><h3><a href=\"#\">Alertas<\/a><\/h3><\/p>\n<p>Gesti\u00f3n de la alertas mediante reglas y miner\u00eda, relevancia y generaci\u00f3n de casos.<\/p>\n<p><\/div><!-- end .process-builder-1-content --><\/li><li><i class=\"fa ifc-workflow\"><\/i><div class=\"icon-box-content\"><h3><a href=\"#\">Flujo de casos<\/a><\/h3>Gesti\u00f3n de casos y flujo de la organizaci\u00f3n.<br \/>\n<\/div><!-- end .process-builder-1-content --><\/li><li><i class=\"fa ifc-center_direction\"><\/i><div class=\"icon-box-content\"><h3><a href=\"#\">Panel de control<\/a><\/h3><br \/>\nSeguimiento de casos, ficha t\u00e9cnica resumen, reportes de operaciones sospechosas, generaci\u00f3n de informaci\u00f3n de entes de control entre otros.<\/p>\n<p><\/div><!-- end .process-builder-1-content --><\/li><\/ul>[\/vc_column][\/vc_row][vc_row][vc_column][vc_column_text]<\/p>\n<p>[\/vc_column_text][\/vc_column][\/vc_row][vc_column width=\u00bb1\/3&#8243;][vc_column_text]<br \/>\n[\/vc_column_text][\/vc_column]<\/p>\n","protected":false},"excerpt":{"rendered":"<p>[vc_row full_width=\u00bbstretch_row\u00bb css=\u00bb.vc_custom_1474664887247{padding-top: 10px !important;background-image: url(https:\/\/www.clusteritc.co\/wp-content\/uploads\/2016\/03\/Servidores.jpg?id=1091) !important;background-position: center !important;background-repeat: no-repeat !important;background-size: cover !important;}\u00bb fullwidth=\u00bb1&#8243; ewf_row_title=\u00bbFull width\u00bb nospacing=\u00bb1&#8243;][vc_column][vc_row_inner][vc_column_inner width=\u00bb1\/2&#8243;][\/vc_column_inner][vc_column_inner width=\u00bb1\/2&#8243;] [\/vc_column_inner][\/vc_row_inner][\/vc_column][\/vc_row][vc_row][vc_column][\/vc_column][\/vc_row][vc_row][vc_column][vc_row_inner][vc_column_inner width=\u00bb1\/2&#8243; css=\u00bb.vc_custom_1457058718237{padding-left: 100px !important;}\u00bb][vc_column_text]* Las bases de datos incluidas son SQL Express u Oracle Express, si el cliente requiere de un motor licenciado el costo ser\u00e1 incluido en la mensualidad, el cliente puede incluir su [&hellip;]<\/p>\n","protected":false},"author":1,"featured_media":0,"parent":0,"menu_order":0,"comment_status":"closed","ping_status":"closed","template":"","meta":[],"_links":{"self":[{"href":"https:\/\/www.clusteritc.co\/index.php?rest_route=\/wp\/v2\/pages\/1075"}],"collection":[{"href":"https:\/\/www.clusteritc.co\/index.php?rest_route=\/wp\/v2\/pages"}],"about":[{"href":"https:\/\/www.clusteritc.co\/index.php?rest_route=\/wp\/v2\/types\/page"}],"author":[{"embeddable":true,"href":"https:\/\/www.clusteritc.co\/index.php?rest_route=\/wp\/v2\/users\/1"}],"replies":[{"embeddable":true,"href":"https:\/\/www.clusteritc.co\/index.php?rest_route=%2Fwp%2Fv2%2Fcomments&post=1075"}],"version-history":[{"count":74,"href":"https:\/\/www.clusteritc.co\/index.php?rest_route=\/wp\/v2\/pages\/1075\/revisions"}],"predecessor-version":[{"id":1425,"href":"https:\/\/www.clusteritc.co\/index.php?rest_route=\/wp\/v2\/pages\/1075\/revisions\/1425"}],"wp:attachment":[{"href":"https:\/\/www.clusteritc.co\/index.php?rest_route=%2Fwp%2Fv2%2Fmedia&parent=1075"}],"curies":[{"name":"wp","href":"https:\/\/api.w.org\/{rel}","templated":true}]}}